{"id":4481,"date":"2021-02-05T22:34:42","date_gmt":"2021-02-05T21:34:42","guid":{"rendered":"https:\/\/domainederron.ch\/produit\/oeil-de-perdrix\/"},"modified":"2025-07-01T14:47:27","modified_gmt":"2025-07-01T12:47:27","slug":"oeil-de-perdrix","status":"publish","type":"product","link":"https:\/\/domainederron.ch\/de\/produit\/oeil-de-perdrix\/","title":{"rendered":"Oeil de perdrix"},"content":{"rendered":"","protected":false},"excerpt":{"rendered":"<p><strong>AOC Vully<\/strong><\/p>\n<p>Eleganter und zarter Ros\u00e9wein aus Pinot Noir. Lachsfarbig, sch\u00f6n und dicht, strukturiert und erfrischend, mit den Aromen Himbeeren und schwarze Johannisbeeren. Ideal zu Fisch und K\u00e4se.<\/p>\n<p>Enth\u00e4lt Sulfite. 13.5% vol. alc.<\/p>\n<p><strong>Serviertemperatur:<\/strong> 8-12\u00b0C<\/p>\n<p><strong>Weinlese :<\/strong> 2024<\/p>\n<p>&nbsp;<\/p>\n","protected":false},"featured_media":4706,"template":"","meta":[],"product_brand":[],"product_cat":[96],"product_tag":[],"class_list":{"0":"post-4481","1":"product","2":"type-product","3":"status-publish","4":"has-post-thumbnail","6":"product_cat-roseweine","8":"first","9":"instock","10":"shipping-taxable","11":"purchasable","12":"product-type-variable","13":"has-default-attributes"},"_links":{"self":[{"href":"https:\/\/domainederron.ch\/de\/wp-json\/wp\/v2\/product\/4481","targetHints":{"allow":["GET"]}}],"collection":[{"href":"https:\/\/domainederron.ch\/de\/wp-json\/wp\/v2\/product"}],"about":[{"href":"https:\/\/domainederron.ch\/de\/wp-json\/wp\/v2\/types\/product"}],"wp:featuredmedia":[{"embeddable":true,"href":"https:\/\/domainederron.ch\/de\/wp-json\/wp\/v2\/media\/4706"}],"wp:attachment":[{"href":"https:\/\/domainederron.ch\/de\/wp-json\/wp\/v2\/media?parent=4481"}],"wp:term":[{"taxonomy":"product_brand","embeddable":true,"href":"https:\/\/domainederron.ch\/de\/wp-json\/wp\/v2\/product_brand?post=4481"},{"taxonomy":"product_cat","embeddable":true,"href":"https:\/\/domainederron.ch\/de\/wp-json\/wp\/v2\/product_cat?post=4481"},{"taxonomy":"product_tag","embeddable":true,"href":"https:\/\/domainederron.ch\/de\/wp-json\/wp\/v2\/product_tag?post=4481"}],"curies":[{"name":"wp","href":"https:\/\/api.w.org\/{rel}","templated":true}]}}