{"id":4503,"date":"2021-02-05T22:18:08","date_gmt":"2021-02-05T21:18:08","guid":{"rendered":"https:\/\/domainederron.ch\/produit\/pinot-noir-vielles-vignes\/"},"modified":"2025-03-26T09:05:35","modified_gmt":"2025-03-26T08:05:35","slug":"pinot-noir-vielles-vignes","status":"publish","type":"product","link":"https:\/\/domainederron.ch\/de\/produit\/pinot-noir-vielles-vignes\/","title":{"rendered":"Pinot Noir Vieilles Vignes"},"content":{"rendered":"","protected":false},"excerpt":{"rendered":"<div class=\"page\" title=\"Page 20\">\n<div class=\"section\">\n<div class=\"layoutArea\">\n<div class=\"column\">\n<p><strong>AOC Vully<\/strong><\/p>\n<p>Als Erbgut aus einer sorgf\u00e4ltigen Auswahl alter Rebst\u00f6cke unseres Weingutes, bringt dieser Wein komplexe fruchtige und w\u00fcrzige Aromen zum Ausdruck. Ein intensiver, rassiger Wein mit feinen und reifen Tanninen.<\/p>\n<p>Enth\u00e4lt Sulfite. 13% vol. alc.<\/p>\n<p><strong>Serviertemperatur:<\/strong> 12-18\u00b0C<\/p>\n<p><strong>Lagerung:<\/strong> 2 bis 5 Jahre<\/p>\n<p><strong>Weinlese :<\/strong> 2023<\/p>\n<\/div>\n<\/div>\n<\/div>\n<\/div>\n","protected":false},"featured_media":4504,"template":"","meta":[],"product_brand":[],"product_cat":[97],"product_tag":[],"class_list":{"0":"post-4503","1":"product","2":"type-product","3":"status-publish","4":"has-post-thumbnail","6":"product_cat-rotweine","8":"first","9":"instock","10":"shipping-taxable","11":"purchasable","12":"product-type-variable","13":"has-default-attributes"},"_links":{"self":[{"href":"https:\/\/domainederron.ch\/de\/wp-json\/wp\/v2\/product\/4503","targetHints":{"allow":["GET"]}}],"collection":[{"href":"https:\/\/domainederron.ch\/de\/wp-json\/wp\/v2\/product"}],"about":[{"href":"https:\/\/domainederron.ch\/de\/wp-json\/wp\/v2\/types\/product"}],"wp:featuredmedia":[{"embeddable":true,"href":"https:\/\/domainederron.ch\/de\/wp-json\/wp\/v2\/media\/4504"}],"wp:attachment":[{"href":"https:\/\/domainederron.ch\/de\/wp-json\/wp\/v2\/media?parent=4503"}],"wp:term":[{"taxonomy":"product_brand","embeddable":true,"href":"https:\/\/domainederron.ch\/de\/wp-json\/wp\/v2\/product_brand?post=4503"},{"taxonomy":"product_cat","embeddable":true,"href":"https:\/\/domainederron.ch\/de\/wp-json\/wp\/v2\/product_cat?post=4503"},{"taxonomy":"product_tag","embeddable":true,"href":"https:\/\/domainederron.ch\/de\/wp-json\/wp\/v2\/product_tag?post=4503"}],"curies":[{"name":"wp","href":"https:\/\/api.w.org\/{rel}","templated":true}]}}