{"id":4505,"date":"2021-02-05T22:17:14","date_gmt":"2021-02-05T21:17:14","guid":{"rendered":"https:\/\/domainederron.ch\/produit\/oppidum\/"},"modified":"2025-07-01T14:48:46","modified_gmt":"2025-07-01T12:48:46","slug":"oppidum","status":"publish","type":"product","link":"https:\/\/domainederron.ch\/de\/produit\/oppidum\/","title":{"rendered":"Oppidum"},"content":{"rendered":"","protected":false},"excerpt":{"rendered":"<div class=\"page\" title=\"Page 22\">\n<div class=\"section\">\n<div class=\"layoutArea\">\n<div class=\"column\">\n<p><strong>AOC Vully<\/strong><\/p>\n<p>Eine edle Mischung aus Pinot Noir, Gamaret und Merlot. Komplexer Wein mit kr\u00e4ftigen Tanninen und Aromen schwarzer Fr\u00fcchte, dazu mit w\u00fcrzigen und h\u00f6lzernen Noten, der 12 Monate im Eichenfass heranreifen durfte.<\/p>\n<p>Enth\u00e4lt Sulfite. 13% vol. alc.<\/p>\n<p><strong>Serviertemperatur:<\/strong> 12-18\u00b0C<\/p>\n<p><strong>Lagerung:<\/strong> 2 bis 5 Jahre<\/p>\n<p><strong>Weinlese :<\/strong> 2023<\/p>\n<\/div>\n<\/div>\n<\/div>\n<\/div>\n","protected":false},"featured_media":4715,"template":"","meta":[],"product_brand":[],"product_cat":[97],"product_tag":[],"class_list":{"0":"post-4505","1":"product","2":"type-product","3":"status-publish","4":"has-post-thumbnail","6":"product_cat-rotweine","8":"first","9":"instock","10":"shipping-taxable","11":"purchasable","12":"product-type-variable","13":"has-default-attributes"},"_links":{"self":[{"href":"https:\/\/domainederron.ch\/de\/wp-json\/wp\/v2\/product\/4505","targetHints":{"allow":["GET"]}}],"collection":[{"href":"https:\/\/domainederron.ch\/de\/wp-json\/wp\/v2\/product"}],"about":[{"href":"https:\/\/domainederron.ch\/de\/wp-json\/wp\/v2\/types\/product"}],"wp:featuredmedia":[{"embeddable":true,"href":"https:\/\/domainederron.ch\/de\/wp-json\/wp\/v2\/media\/4715"}],"wp:attachment":[{"href":"https:\/\/domainederron.ch\/de\/wp-json\/wp\/v2\/media?parent=4505"}],"wp:term":[{"taxonomy":"product_brand","embeddable":true,"href":"https:\/\/domainederron.ch\/de\/wp-json\/wp\/v2\/product_brand?post=4505"},{"taxonomy":"product_cat","embeddable":true,"href":"https:\/\/domainederron.ch\/de\/wp-json\/wp\/v2\/product_cat?post=4505"},{"taxonomy":"product_tag","embeddable":true,"href":"https:\/\/domainederron.ch\/de\/wp-json\/wp\/v2\/product_tag?post=4505"}],"curies":[{"name":"wp","href":"https:\/\/api.w.org\/{rel}","templated":true}]}}