{"id":4510,"date":"2021-02-05T22:16:20","date_gmt":"2021-02-05T21:16:20","guid":{"rendered":"https:\/\/domainederron.ch\/produit\/mara\/"},"modified":"2025-07-01T14:49:00","modified_gmt":"2025-07-01T12:49:00","slug":"mara","status":"publish","type":"product","link":"https:\/\/domainederron.ch\/de\/produit\/mara\/","title":{"rendered":"Mara"},"content":{"rendered":"","protected":false},"excerpt":{"rendered":"<p><strong>AOC Vully<\/strong><\/p>\n<p>Ein vollmundiger Rotwein mit w\u00fcrzigen und fruchtigen Noten (Schwarze Johannisbeere, kandierte Fr\u00fcchte). W\u00e4hrend 12 Monaten im Eichenfass herangereift.<\/p>\n<p>Enth\u00e4lt Sulfite. 13% vol. alc.<\/p>\n<p><strong>Serviertemperatur:<\/strong> 12-18\u00b0C<\/p>\n<p><strong>Lagerung:\u00a0<\/strong>2 bis 5 Jahre<\/p>\n<p><strong>Weinlese :<\/strong> 2023<\/p>\n","protected":false},"featured_media":4511,"template":"","meta":[],"product_brand":[],"product_cat":[97],"product_tag":[],"class_list":{"0":"post-4510","1":"product","2":"type-product","3":"status-publish","4":"has-post-thumbnail","6":"product_cat-rotweine","8":"first","9":"instock","10":"shipping-taxable","11":"purchasable","12":"product-type-variable","13":"has-default-attributes"},"_links":{"self":[{"href":"https:\/\/domainederron.ch\/de\/wp-json\/wp\/v2\/product\/4510","targetHints":{"allow":["GET"]}}],"collection":[{"href":"https:\/\/domainederron.ch\/de\/wp-json\/wp\/v2\/product"}],"about":[{"href":"https:\/\/domainederron.ch\/de\/wp-json\/wp\/v2\/types\/product"}],"wp:featuredmedia":[{"embeddable":true,"href":"https:\/\/domainederron.ch\/de\/wp-json\/wp\/v2\/media\/4511"}],"wp:attachment":[{"href":"https:\/\/domainederron.ch\/de\/wp-json\/wp\/v2\/media?parent=4510"}],"wp:term":[{"taxonomy":"product_brand","embeddable":true,"href":"https:\/\/domainederron.ch\/de\/wp-json\/wp\/v2\/product_brand?post=4510"},{"taxonomy":"product_cat","embeddable":true,"href":"https:\/\/domainederron.ch\/de\/wp-json\/wp\/v2\/product_cat?post=4510"},{"taxonomy":"product_tag","embeddable":true,"href":"https:\/\/domainederron.ch\/de\/wp-json\/wp\/v2\/product_tag?post=4510"}],"curies":[{"name":"wp","href":"https:\/\/api.w.org\/{rel}","templated":true}]}}