{"id":4530,"date":"2021-02-03T16:45:18","date_gmt":"2021-02-03T15:45:18","guid":{"rendered":"https:\/\/domainederron.ch\/produit\/pinot-gris\/"},"modified":"2025-11-28T09:14:17","modified_gmt":"2025-11-28T08:14:17","slug":"pinot-gris","status":"publish","type":"product","link":"https:\/\/domainederron.ch\/de\/produit\/pinot-gris\/","title":{"rendered":"Pinot Gris"},"content":{"rendered":"","protected":false},"excerpt":{"rendered":"<div class=\"page\" title=\"Page 4\">\n<div class=\"section\">\n<div class=\"layoutArea\">\n<div class=\"column\">\n<p><strong>AOC Vully<\/strong><\/p>\n<p>Weisswein Spezialit\u00e4t mit den fruchtigen Aromen Quitte und Pfirsich. Von grosser Finesse, ein reicher und zarter Wein, f\u00fcr den Aperitif oder als Begleiter zu Fisch und G\u00e4nseleber.<\/p>\n<p>Enth\u00e4lt Sulfite. 13.5% vol. alc.<\/p>\n<p><strong>Serviertemperatur:<\/strong> 8-12\u00b0C<\/p>\n<p><strong>Weinlese :<\/strong> 2024<\/p>\n<\/div>\n<\/div>\n<\/div>\n<\/div>\n","protected":false},"featured_media":4533,"template":"","meta":[],"product_brand":[],"product_cat":[98],"product_tag":[],"class_list":{"0":"post-4530","1":"product","2":"type-product","3":"status-publish","4":"has-post-thumbnail","6":"product_cat-weissweine","8":"first","9":"instock","10":"shipping-taxable","11":"purchasable","12":"product-type-variable","13":"has-default-attributes"},"_links":{"self":[{"href":"https:\/\/domainederron.ch\/de\/wp-json\/wp\/v2\/product\/4530","targetHints":{"allow":["GET"]}}],"collection":[{"href":"https:\/\/domainederron.ch\/de\/wp-json\/wp\/v2\/product"}],"about":[{"href":"https:\/\/domainederron.ch\/de\/wp-json\/wp\/v2\/types\/product"}],"wp:featuredmedia":[{"embeddable":true,"href":"https:\/\/domainederron.ch\/de\/wp-json\/wp\/v2\/media\/4533"}],"wp:attachment":[{"href":"https:\/\/domainederron.ch\/de\/wp-json\/wp\/v2\/media?parent=4530"}],"wp:term":[{"taxonomy":"product_brand","embeddable":true,"href":"https:\/\/domainederron.ch\/de\/wp-json\/wp\/v2\/product_brand?post=4530"},{"taxonomy":"product_cat","embeddable":true,"href":"https:\/\/domainederron.ch\/de\/wp-json\/wp\/v2\/product_cat?post=4530"},{"taxonomy":"product_tag","embeddable":true,"href":"https:\/\/domainederron.ch\/de\/wp-json\/wp\/v2\/product_tag?post=4530"}],"curies":[{"name":"wp","href":"https:\/\/api.w.org\/{rel}","templated":true}]}}