{"id":4892,"date":"2022-02-24T11:18:49","date_gmt":"2022-02-24T10:18:49","guid":{"rendered":"https:\/\/domainederron.ch\/?post_type=product&#038;p=4892"},"modified":"2022-06-13T13:52:01","modified_gmt":"2022-06-13T11:52:01","slug":"pinot-noir-barrique","status":"publish","type":"product","link":"https:\/\/domainederron.ch\/de\/produit\/pinot-noir-barrique\/","title":{"rendered":"Pinot noir barrique"},"content":{"rendered":"","protected":false},"excerpt":{"rendered":"<p>Aus einer sorgf\u00e4ltigen Auswahl von Sp\u00e4tburgundern unseres Weinguts hergestellt und w\u00e4hrend 12 Monaten in Eichenf\u00e4ssern gereift, \u00fcberrascht dieser Wein mit fruchtigen, w\u00fcrzigen und holzigen Noten.<\/p>\n<p><strong>Serviertemperatur:<\/strong> 12-18\u00b0C<\/p>\n<p><strong>Lagerung:<\/strong> 2 bis 5 Jahre<\/p>\n<p><strong>Weinlese:\u00a0<\/strong>2020<\/p>\n","protected":false},"featured_media":4899,"template":"","meta":[],"product_brand":[],"product_cat":[97],"product_tag":[],"class_list":{"0":"post-4892","1":"product","2":"type-product","3":"status-publish","4":"has-post-thumbnail","6":"product_cat-rotweine","8":"first","9":"outofstock","10":"shipping-taxable","11":"purchasable","12":"product-type-variable","13":"has-default-attributes"},"_links":{"self":[{"href":"https:\/\/domainederron.ch\/de\/wp-json\/wp\/v2\/product\/4892","targetHints":{"allow":["GET"]}}],"collection":[{"href":"https:\/\/domainederron.ch\/de\/wp-json\/wp\/v2\/product"}],"about":[{"href":"https:\/\/domainederron.ch\/de\/wp-json\/wp\/v2\/types\/product"}],"wp:featuredmedia":[{"embeddable":true,"href":"https:\/\/domainederron.ch\/de\/wp-json\/wp\/v2\/media\/4899"}],"wp:attachment":[{"href":"https:\/\/domainederron.ch\/de\/wp-json\/wp\/v2\/media?parent=4892"}],"wp:term":[{"taxonomy":"product_brand","embeddable":true,"href":"https:\/\/domainederron.ch\/de\/wp-json\/wp\/v2\/product_brand?post=4892"},{"taxonomy":"product_cat","embeddable":true,"href":"https:\/\/domainederron.ch\/de\/wp-json\/wp\/v2\/product_cat?post=4892"},{"taxonomy":"product_tag","embeddable":true,"href":"https:\/\/domainederron.ch\/de\/wp-json\/wp\/v2\/product_tag?post=4892"}],"curies":[{"name":"wp","href":"https:\/\/api.w.org\/{rel}","templated":true}]}}